{"id":1113,"date":"2020-06-22T13:45:17","date_gmt":"2020-06-22T17:45:17","guid":{"rendered":"https:\/\/jeanavendu.com\/?page_id=1113"},"modified":"2020-06-22T13:47:43","modified_gmt":"2020-06-22T17:47:43","slug":"referez-moi","status":"publish","type":"page","link":"https:\/\/jeanavendu.com\/en\/me-contacter\/referez-moi\/","title":{"rendered":"(Fran\u00e7ais) R\u00e9f\u00e9rez-moi!"},"content":{"rendered":"<p class=\"qtranxs-available-languages-message qtranxs-available-languages-message-en\">Sorry, this entry is only available in <a href=\"https:\/\/jeanavendu.com\/fr\/wp-json\/wp\/v2\/pages\/1113\" class=\"qtranxs-available-language-link qtranxs-available-language-link-fr\" title=\"Fran\u00e7ais\">Fran\u00e7ais<\/a>.<\/p>","protected":false},"excerpt":{"rendered":"<p>Sorry, this entry is only available in Fran\u00e7ais.<\/p>\n","protected":false},"author":121,"featured_media":0,"parent":34,"menu_order":0,"comment_status":"closed","ping_status":"closed","template":"","meta":{"_acf_changed":false,"footnotes":""},"class_list":["post-1113","page","type-page","status-publish","hentry"],"acf":[],"yoast_head":"<!-- This site is optimized with the Yoast SEO plugin v26.7 - https:\/\/yoast.com\/wordpress\/plugins\/seo\/ -->\n<title>(Fran\u00e7ais) R\u00e9f\u00e9rez-moi! - (Fran\u00e7ais) Jean Villeneuve - Courtier immobilier<\/title>\n<meta name=\"robots\" content=\"index, follow, max-snippet:-1, max-image-preview:large, max-video-preview:-1\" \/>\n<link rel=\"canonical\" href=\"https:\/\/jeanavendu.com\/me-contacter\/referez-moi\/\" \/>\n<meta property=\"og:locale\" content=\"en_US\" \/>\n<meta property=\"og:type\" content=\"article\" \/>\n<meta property=\"og:title\" content=\"(Fran\u00e7ais) R\u00e9f\u00e9rez-moi! - (Fran\u00e7ais) Jean Villeneuve - Courtier immobilier\" \/>\n<meta property=\"og:description\" content=\"Sorry, this entry is only available in Fran\u00e7ais.\" \/>\n<meta property=\"og:url\" content=\"https:\/\/jeanavendu.com\/me-contacter\/referez-moi\/\" \/>\n<meta property=\"og:site_name\" content=\"(Fran\u00e7ais) Jean Villeneuve - Courtier immobilier\" \/>\n<meta property=\"article:publisher\" content=\"https:\/\/business.facebook.com\/Jean-Villeneuve-Courtier-Immobilier-517518648422625\/\" \/>\n<meta property=\"article:modified_time\" content=\"2020-06-22T17:47:43+00:00\" \/>\n<meta name=\"twitter:card\" content=\"summary_large_image\" \/>\n<meta name=\"twitter:site\" content=\"@JVilleneuveImmo\" \/>\n<script type=\"application\/ld+json\" class=\"yoast-schema-graph\">{\"@context\":\"https:\/\/schema.org\",\"@graph\":[{\"@type\":\"WebPage\",\"@id\":\"https:\/\/jeanavendu.com\/me-contacter\/referez-moi\/\",\"url\":\"https:\/\/jeanavendu.com\/me-contacter\/referez-moi\/\",\"name\":\"[:fr]R\u00e9f\u00e9rez-moi![:] - (Fran\u00e7ais) Jean Villeneuve - Courtier immobilier\",\"isPartOf\":{\"@id\":\"https:\/\/jeanavendu.com\/en\/#website\"},\"datePublished\":\"2020-06-22T17:45:17+00:00\",\"dateModified\":\"2020-06-22T17:47:43+00:00\",\"breadcrumb\":{\"@id\":\"https:\/\/jeanavendu.com\/me-contacter\/referez-moi\/#breadcrumb\"},\"inLanguage\":\"en-US\",\"potentialAction\":[{\"@type\":\"ReadAction\",\"target\":[\"https:\/\/jeanavendu.com\/me-contacter\/referez-moi\/\"]}]},{\"@type\":\"BreadcrumbList\",\"@id\":\"https:\/\/jeanavendu.com\/me-contacter\/referez-moi\/#breadcrumb\",\"itemListElement\":[{\"@type\":\"ListItem\",\"position\":1,\"name\":\"Accueil\",\"item\":\"https:\/\/jeanavendu.com\/en\/\"},{\"@type\":\"ListItem\",\"position\":2,\"name\":\"Contact me\",\"item\":\"https:\/\/jeanavendu.com\/en\/me-contacter\/\"},{\"@type\":\"ListItem\",\"position\":3,\"name\":\"R\u00e9f\u00e9rez-moi!\"}]},{\"@type\":\"WebSite\",\"@id\":\"https:\/\/jeanavendu.com\/en\/#website\",\"url\":\"https:\/\/jeanavendu.com\/en\/\",\"name\":\"(Fran\u00e7ais) Jean Villeneuve - Courtier immobilier\",\"description\":\"(Fran\u00e7ais) Blainville, Rosem\u00e8re, Ste-Th\u00e9r\u00e8se, Lorraine\",\"potentialAction\":[{\"@type\":\"SearchAction\",\"target\":{\"@type\":\"EntryPoint\",\"urlTemplate\":\"https:\/\/jeanavendu.com\/en\/?s={search_term_string}\"},\"query-input\":{\"@type\":\"PropertyValueSpecification\",\"valueRequired\":true,\"valueName\":\"search_term_string\"}}],\"inLanguage\":\"en-US\"}]}<\/script>\n<!-- \/ Yoast SEO plugin. -->","yoast_head_json":{"title":"(Fran\u00e7ais) R\u00e9f\u00e9rez-moi! - (Fran\u00e7ais) Jean Villeneuve - Courtier immobilier","robots":{"index":"index","follow":"follow","max-snippet":"max-snippet:-1","max-image-preview":"max-image-preview:large","max-video-preview":"max-video-preview:-1"},"canonical":"https:\/\/jeanavendu.com\/me-contacter\/referez-moi\/","og_locale":"en_US","og_type":"article","og_title":"(Fran\u00e7ais) R\u00e9f\u00e9rez-moi! - (Fran\u00e7ais) Jean Villeneuve - Courtier immobilier","og_description":"Sorry, this entry is only available in Fran\u00e7ais.","og_url":"https:\/\/jeanavendu.com\/me-contacter\/referez-moi\/","og_site_name":"(Fran\u00e7ais) Jean Villeneuve - Courtier immobilier","article_publisher":"https:\/\/business.facebook.com\/Jean-Villeneuve-Courtier-Immobilier-517518648422625\/","article_modified_time":"2020-06-22T17:47:43+00:00","twitter_card":"summary_large_image","twitter_site":"@JVilleneuveImmo","schema":{"@context":"https:\/\/schema.org","@graph":[{"@type":"WebPage","@id":"https:\/\/jeanavendu.com\/me-contacter\/referez-moi\/","url":"https:\/\/jeanavendu.com\/me-contacter\/referez-moi\/","name":"[:fr]R\u00e9f\u00e9rez-moi![:] - (Fran\u00e7ais) Jean Villeneuve - Courtier immobilier","isPartOf":{"@id":"https:\/\/jeanavendu.com\/en\/#website"},"datePublished":"2020-06-22T17:45:17+00:00","dateModified":"2020-06-22T17:47:43+00:00","breadcrumb":{"@id":"https:\/\/jeanavendu.com\/me-contacter\/referez-moi\/#breadcrumb"},"inLanguage":"en-US","potentialAction":[{"@type":"ReadAction","target":["https:\/\/jeanavendu.com\/me-contacter\/referez-moi\/"]}]},{"@type":"BreadcrumbList","@id":"https:\/\/jeanavendu.com\/me-contacter\/referez-moi\/#breadcrumb","itemListElement":[{"@type":"ListItem","position":1,"name":"Accueil","item":"https:\/\/jeanavendu.com\/en\/"},{"@type":"ListItem","position":2,"name":"Contact me","item":"https:\/\/jeanavendu.com\/en\/me-contacter\/"},{"@type":"ListItem","position":3,"name":"R\u00e9f\u00e9rez-moi!"}]},{"@type":"WebSite","@id":"https:\/\/jeanavendu.com\/en\/#website","url":"https:\/\/jeanavendu.com\/en\/","name":"(Fran\u00e7ais) Jean Villeneuve - Courtier immobilier","description":"(Fran\u00e7ais) Blainville, Rosem\u00e8re, Ste-Th\u00e9r\u00e8se, Lorraine","potentialAction":[{"@type":"SearchAction","target":{"@type":"EntryPoint","urlTemplate":"https:\/\/jeanavendu.com\/en\/?s={search_term_string}"},"query-input":{"@type":"PropertyValueSpecification","valueRequired":true,"valueName":"search_term_string"}}],"inLanguage":"en-US"}]}},"_links":{"self":[{"href":"https:\/\/jeanavendu.com\/en\/wp-json\/wp\/v2\/pages\/1113","targetHints":{"allow":["GET"]}}],"collection":[{"href":"https:\/\/jeanavendu.com\/en\/wp-json\/wp\/v2\/pages"}],"about":[{"href":"https:\/\/jeanavendu.com\/en\/wp-json\/wp\/v2\/types\/page"}],"author":[{"embeddable":true,"href":"https:\/\/jeanavendu.com\/en\/wp-json\/wp\/v2\/users\/121"}],"replies":[{"embeddable":true,"href":"https:\/\/jeanavendu.com\/en\/wp-json\/wp\/v2\/comments?post=1113"}],"version-history":[{"count":2,"href":"https:\/\/jeanavendu.com\/en\/wp-json\/wp\/v2\/pages\/1113\/revisions"}],"predecessor-version":[{"id":1116,"href":"https:\/\/jeanavendu.com\/en\/wp-json\/wp\/v2\/pages\/1113\/revisions\/1116"}],"up":[{"embeddable":true,"href":"https:\/\/jeanavendu.com\/en\/wp-json\/wp\/v2\/pages\/34"}],"wp:attachment":[{"href":"https:\/\/jeanavendu.com\/en\/wp-json\/wp\/v2\/media?parent=1113"}],"curies":[{"name":"wp","href":"https:\/\/api.w.org\/{rel}","templated":true}]}}