{"id":449,"date":"2015-12-09T14:08:24","date_gmt":"2015-12-09T19:08:24","guid":{"rendered":"\/?page_id=449"},"modified":"2023-01-02T20:23:20","modified_gmt":"2023-01-03T01:23:20","slug":"partenaires","status":"publish","type":"page","link":"https:\/\/jeanavendu.com\/en\/partenaires\/","title":{"rendered":"Partners"},"content":{"rendered":"<p>As home owners, you&#8217;re free to deal with the professional of your choice&#8230; however, for a true &#8220;TURN-KEY&#8221; service, I&#8217;m pleased to recommend the following specialists:<\/p>\n<p>&nbsp;<\/p>\n<h2>MORTGAGE BROKERS<\/h2>\n<p><a href=\"\/files\/2015\/12\/Capture.png\" target=\"_blank\" rel=\"noopener noreferrer\"><img loading=\"lazy\" decoding=\"async\" class=\"aligncenter wp-image-497 size-medium\" src=\"\/files\/2015\/12\/Capture-300x170.png\" alt=\"Sylvie Chouinard, RBC\" width=\"300\" height=\"170\" srcset=\"https:\/\/jeanavendu.com\/files\/2015\/12\/Capture-300x170.png 300w, https:\/\/jeanavendu.com\/files\/2015\/12\/Capture.png 481w\" sizes=\"auto, (max-width: 300px) 100vw, 300px\" \/><\/a><\/p>\n<p><a href=\"\/files\/2016\/11\/courtier-hypot.-2.png\" target=\"_blank\" rel=\"noopener noreferrer\"><img loading=\"lazy\" decoding=\"async\" class=\"aligncenter wp-image-520 size-medium\" src=\"\/files\/2016\/11\/courtier-hypot.-2-300x145.png\" alt=\"courtier-hypot-2\" width=\"300\" height=\"145\" srcset=\"https:\/\/jeanavendu.com\/files\/2016\/11\/courtier-hypot.-2-300x145.png 300w, https:\/\/jeanavendu.com\/files\/2016\/11\/courtier-hypot.-2.png 704w\" sizes=\"auto, (max-width: 300px) 100vw, 300px\" \/><\/a><\/p>\n<p style=\"text-align: center;\"><a href=\"\/files\/2016\/11\/courtier-hypoth.-3.jpg\" target=\"_blank\" rel=\"noopener noreferrer\"><img loading=\"lazy\" decoding=\"async\" class=\"aligncenter wp-image-519 size-medium\" src=\"\/files\/2016\/11\/courtier-hypoth.-3-300x179.jpg\" alt=\"courtier-hypoth-3\" width=\"300\" height=\"179\" srcset=\"https:\/\/jeanavendu.com\/files\/2016\/11\/courtier-hypoth.-3-300x179.jpg 300w, https:\/\/jeanavendu.com\/files\/2016\/11\/courtier-hypoth.-3.jpg 373w\" sizes=\"auto, (max-width: 300px) 100vw, 300px\" \/><\/a><\/p>\n<p>&nbsp;<\/p>\n<hr \/>\n<p>&nbsp;<\/p>\n<h2>BUILDING INSPECTORS<\/h2>\n<p><a href=\"\/files\/2016\/03\/carte-d-affaires-Inspecteurs-en-batiment-1.png\" target=\"_blank\" rel=\"noopener noreferrer\"><img loading=\"lazy\" decoding=\"async\" class=\"aligncenter wp-image-487 size-medium\" src=\"\/files\/2016\/03\/carte-d-affaires-Inspecteurs-en-batiment-1-300x168.png\" alt=\"St\u00e9phane Hamelin\" width=\"300\" height=\"168\" srcset=\"https:\/\/jeanavendu.com\/files\/2016\/03\/carte-d-affaires-Inspecteurs-en-batiment-1-300x168.png 300w, https:\/\/jeanavendu.com\/files\/2016\/03\/carte-d-affaires-Inspecteurs-en-batiment-1.png 408w\" sizes=\"auto, (max-width: 300px) 100vw, 300px\" \/><\/a><\/p>\n<p style=\"text-align: center;\"><a href=\"\/files\/2015\/12\/inspecteurs-2.jpg\" target=\"_blank\" rel=\"noopener noreferrer\"><img loading=\"lazy\" decoding=\"async\" class=\"aligncenter wp-image-521 size-medium\" src=\"\/files\/2015\/12\/inspecteurs-2-300x158.jpg\" alt=\"Michel Francais V3\" width=\"300\" height=\"158\" srcset=\"https:\/\/jeanavendu.com\/files\/2015\/12\/inspecteurs-2-300x158.jpg 300w, https:\/\/jeanavendu.com\/files\/2015\/12\/inspecteurs-2-768x405.jpg 768w, https:\/\/jeanavendu.com\/files\/2015\/12\/inspecteurs-2-1024x541.jpg 1024w, https:\/\/jeanavendu.com\/files\/2015\/12\/inspecteurs-2.jpg 1095w\" sizes=\"auto, (max-width: 300px) 100vw, 300px\" \/><\/a><\/p>\n<p style=\"text-align: center;\"><a href=\"\/files\/2015\/12\/inspecteurs-3.jpg\" target=\"_blank\" rel=\"noopener noreferrer\"><img loading=\"lazy\" decoding=\"async\" class=\"aligncenter wp-image-522\" src=\"\/files\/2015\/12\/inspecteurs-3.jpg\" alt=\"inspecteurs-3\" width=\"300\" height=\"177\" \/><\/a><\/p>\n<p>&nbsp;<\/p>\n<hr \/>\n<p>&nbsp;<\/p>\n<h2>NOTARIES<\/h2>\n<p>&nbsp;<\/p>\n<p style=\"text-align: center;\"><a href=\"\/files\/2015\/12\/notaire-1.jpg\" target=\"_blank\" rel=\"noopener noreferrer\"><img loading=\"lazy\" decoding=\"async\" class=\"aligncenter wp-image-525 size-medium\" src=\"\/files\/2015\/12\/notaire-1-300x173.jpg\" alt=\"CA_Chantale_R\" width=\"300\" height=\"173\" srcset=\"https:\/\/jeanavendu.com\/files\/2015\/12\/notaire-1-300x173.jpg 300w, https:\/\/jeanavendu.com\/files\/2015\/12\/notaire-1-768x443.jpg 768w, https:\/\/jeanavendu.com\/files\/2015\/12\/notaire-1-1024x590.jpg 1024w, https:\/\/jeanavendu.com\/files\/2015\/12\/notaire-1.jpg 1039w\" sizes=\"auto, (max-width: 300px) 100vw, 300px\" \/><\/a><\/p>\n<p style=\"text-align: center;\"><a href=\"\/files\/2015\/12\/notaire-2-1.jpg\" target=\"_blank\" rel=\"noopener noreferrer\"><img loading=\"lazy\" decoding=\"async\" class=\"aligncenter wp-image-526 size-medium\" src=\"\/files\/2015\/12\/notaire-2-1-300x169.jpg\" alt=\"notaire-2-1\" width=\"300\" height=\"169\" srcset=\"https:\/\/jeanavendu.com\/files\/2015\/12\/notaire-2-1-300x169.jpg 300w, https:\/\/jeanavendu.com\/files\/2015\/12\/notaire-2-1-768x432.jpg 768w, https:\/\/jeanavendu.com\/files\/2015\/12\/notaire-2-1-1024x577.jpg 1024w, https:\/\/jeanavendu.com\/files\/2015\/12\/notaire-2-1.jpg 1039w\" sizes=\"auto, (max-width: 300px) 100vw, 300px\" \/><\/a><a href=\"\/files\/2015\/12\/notaire-2-2.jpg\" target=\"_blank\" rel=\"noopener noreferrer\"><img loading=\"lazy\" decoding=\"async\" class=\"aligncenter wp-image-527 size-medium\" src=\"\/files\/2015\/12\/notaire-2-2-300x169.jpg\" alt=\"notaire-2-2\" width=\"300\" height=\"169\" srcset=\"https:\/\/jeanavendu.com\/files\/2015\/12\/notaire-2-2-300x169.jpg 300w, https:\/\/jeanavendu.com\/files\/2015\/12\/notaire-2-2-768x432.jpg 768w, https:\/\/jeanavendu.com\/files\/2015\/12\/notaire-2-2-1024x576.jpg 1024w, https:\/\/jeanavendu.com\/files\/2015\/12\/notaire-2-2.jpg 1035w\" sizes=\"auto, (max-width: 300px) 100vw, 300px\" \/><\/a>\u00a0 <a href=\"\/files\/2015\/12\/notaire-3.jpg\" target=\"_blank\" rel=\"noopener noreferrer\"><img loading=\"lazy\" decoding=\"async\" class=\"aligncenter wp-image-528 size-medium\" src=\"\/files\/2015\/12\/notaire-3-300x181.jpg\" alt=\"notaire-3\" width=\"300\" height=\"181\" srcset=\"https:\/\/jeanavendu.com\/files\/2015\/12\/notaire-3-300x181.jpg 300w, https:\/\/jeanavendu.com\/files\/2015\/12\/notaire-3-768x462.jpg 768w, https:\/\/jeanavendu.com\/files\/2015\/12\/notaire-3.jpg 997w\" sizes=\"auto, (max-width: 300px) 100vw, 300px\" \/><\/a><\/p>\n<hr \/>\n<p>&nbsp;<\/p>\n<h2>LAND SURVEYORS<\/h2>\n<p><a href=\"\/files\/2016\/03\/Arpenteurs-G\u00e9ometres-1.png\" target=\"_blank\" rel=\"noopener noreferrer\"><img loading=\"lazy\" decoding=\"async\" class=\"aligncenter wp-image-501 size-medium\" src=\"\/files\/2016\/03\/Arpenteurs-G\u00e9ometres-1-300x172.png\" alt=\"Arpenteurs G\u00e9ometres-1\" width=\"300\" height=\"172\" srcset=\"https:\/\/jeanavendu.com\/files\/2016\/03\/Arpenteurs-G\u00e9ometres-1-300x172.png 300w, https:\/\/jeanavendu.com\/files\/2016\/03\/Arpenteurs-G\u00e9ometres-1-1024x587.png 1024w, https:\/\/jeanavendu.com\/files\/2016\/03\/Arpenteurs-G\u00e9ometres-1.png 1050w\" sizes=\"auto, (max-width: 300px) 100vw, 300px\" \/><\/a><\/p>\n<p><a href=\"\/files\/2016\/03\/carte-d-Affaires-Arpenteurs-G\u00e9ometres-2.png\" target=\"_blank\" rel=\"noopener noreferrer\"><img loading=\"lazy\" decoding=\"async\" class=\"aligncenter wp-image-502 size-medium\" src=\"\/files\/2016\/03\/carte-d-Affaires-Arpenteurs-G\u00e9ometres-2-300x171.png\" alt=\"carte d Affaires Arpenteurs G\u00e9ometres-2\" width=\"300\" height=\"171\" srcset=\"https:\/\/jeanavendu.com\/files\/2016\/03\/carte-d-Affaires-Arpenteurs-G\u00e9ometres-2-300x171.png 300w, https:\/\/jeanavendu.com\/files\/2016\/03\/carte-d-Affaires-Arpenteurs-G\u00e9ometres-2-1024x584.png 1024w, https:\/\/jeanavendu.com\/files\/2016\/03\/carte-d-Affaires-Arpenteurs-G\u00e9ometres-2.png 1051w\" sizes=\"auto, (max-width: 300px) 100vw, 300px\" \/><\/a><\/p>\n<p>&nbsp;<\/p>\n<hr \/>\n<p>&nbsp;<\/p>\n<h2>CERTIFIED APPRAISAL SERVICES<\/h2>\n<p><a href=\"\/files\/2016\/03\/Cartes-dAffaires-Evaluateurs-agr\u00e9\u00e9s-2.png\" target=\"_blank\" rel=\"noopener noreferrer\"><img loading=\"lazy\" decoding=\"async\" class=\"aligncenter wp-image-481 size-medium\" src=\"\/files\/2016\/03\/Cartes-dAffaires-Evaluateurs-agr\u00e9\u00e9s-2-300x174.png\" alt=\"Cartes d'Affaires Evaluateurs agr\u00e9\u00e9s-2\" width=\"300\" height=\"174\" srcset=\"https:\/\/jeanavendu.com\/files\/2016\/03\/Cartes-dAffaires-Evaluateurs-agr\u00e9\u00e9s-2-300x174.png 300w, https:\/\/jeanavendu.com\/files\/2016\/03\/Cartes-dAffaires-Evaluateurs-agr\u00e9\u00e9s-2-1024x593.png 1024w, https:\/\/jeanavendu.com\/files\/2016\/03\/Cartes-dAffaires-Evaluateurs-agr\u00e9\u00e9s-2.png 1038w\" sizes=\"auto, (max-width: 300px) 100vw, 300px\" \/><\/a><\/p>\n<p><a href=\"\/files\/2016\/03\/Cartes-dAffaires-Evaluateurs-agr\u00e9\u00e9s-1.png\" target=\"_blank\" rel=\"noopener noreferrer\"><img loading=\"lazy\" decoding=\"async\" class=\"aligncenter wp-image-480 size-medium\" src=\"\/files\/2016\/03\/Cartes-dAffaires-Evaluateurs-agr\u00e9\u00e9s-1-300x178.png\" alt=\"Cartes d'Affaires Evaluateurs agr\u00e9\u00e9s-1\" width=\"300\" height=\"178\" srcset=\"https:\/\/jeanavendu.com\/files\/2016\/03\/Cartes-dAffaires-Evaluateurs-agr\u00e9\u00e9s-1-300x178.png 300w, https:\/\/jeanavendu.com\/files\/2016\/03\/Cartes-dAffaires-Evaluateurs-agr\u00e9\u00e9s-1-1024x608.png 1024w, https:\/\/jeanavendu.com\/files\/2016\/03\/Cartes-dAffaires-Evaluateurs-agr\u00e9\u00e9s-1.png 1032w\" sizes=\"auto, (max-width: 300px) 100vw, 300px\" \/><\/a><\/p>\n<p>&nbsp;<\/p>\n<hr \/>\n<p>&nbsp;<\/p>\n<h2>TREE PRUNING<\/h2>\n<h2 style=\"text-align: center;\"><a href=\"\/files\/2015\/12\/Emondage-suite.jpg\" target=\"_blank\" rel=\"noopener noreferrer\"><img loading=\"lazy\" decoding=\"async\" class=\"wp-image-523 size-medium aligncenter\" src=\"\/files\/2015\/12\/Emondage-suite-300x180.jpg\" alt=\"emondage-suite\" width=\"300\" height=\"180\" srcset=\"https:\/\/jeanavendu.com\/files\/2015\/12\/Emondage-suite-300x180.jpg 300w, https:\/\/jeanavendu.com\/files\/2015\/12\/Emondage-suite-768x461.jpg 768w, https:\/\/jeanavendu.com\/files\/2015\/12\/Emondage-suite-1024x615.jpg 1024w, https:\/\/jeanavendu.com\/files\/2015\/12\/Emondage-suite.jpg 1126w\" sizes=\"auto, (max-width: 300px) 100vw, 300px\" \/><\/a><a href=\"\/files\/2015\/12\/Emondage.jpg\" target=\"_blank\" rel=\"noopener noreferrer\"><img loading=\"lazy\" decoding=\"async\" class=\"wp-image-524 size-medium aligncenter\" src=\"\/files\/2015\/12\/Emondage-300x180.jpg\" alt=\"emondage\" width=\"300\" height=\"180\" srcset=\"https:\/\/jeanavendu.com\/files\/2015\/12\/Emondage-300x180.jpg 300w, https:\/\/jeanavendu.com\/files\/2015\/12\/Emondage-768x461.jpg 768w, https:\/\/jeanavendu.com\/files\/2015\/12\/Emondage-1024x615.jpg 1024w, https:\/\/jeanavendu.com\/files\/2015\/12\/Emondage.jpg 1126w\" sizes=\"auto, (max-width: 300px) 100vw, 300px\" \/><\/a><\/h2>\n<hr \/>\n<p>&nbsp;<\/p>","protected":false},"excerpt":{"rendered":"<p>As home owners, you&#8217;re free to deal with the professional of your choice&#8230; however, for a true &#8220;TURN-KEY&#8221; service, I&#8217;m pleased to recommend the following specialists: &nbsp; MORTGAGE BROKERS &nbsp; &nbsp; BUILDING INSPECTORS &nbsp; &nbsp; NOTARIES &nbsp; \u00a0 &nbsp; LAND SURVEYORS &nbsp; &nbsp; CERTIFIED APPRAISAL SERVICES &nbsp; &nbsp; TREE PRUNING &nbsp;<\/p>\n","protected":false},"author":121,"featured_media":0,"parent":0,"menu_order":20,"comment_status":"closed","ping_status":"closed","template":"page-fullwidth.php","meta":{"_acf_changed":false,"footnotes":""},"class_list":["post-449","page","type-page","status-publish","hentry"],"acf":[],"yoast_head":"<!-- This site is optimized with the Yoast SEO plugin v26.7 - https:\/\/yoast.com\/wordpress\/plugins\/seo\/ -->\n<title>Partners - (Fran\u00e7ais) Jean Villeneuve - Courtier immobilier<\/title>\n<meta name=\"robots\" content=\"index, follow, max-snippet:-1, max-image-preview:large, max-video-preview:-1\" \/>\n<link rel=\"canonical\" href=\"https:\/\/jeanavendu.com\/en\/partenaires\/\" \/>\n<meta property=\"og:locale\" content=\"en_US\" \/>\n<meta property=\"og:type\" content=\"article\" \/>\n<meta property=\"og:title\" content=\"Partners - (Fran\u00e7ais) Jean Villeneuve - Courtier immobilier\" \/>\n<meta property=\"og:description\" content=\"As home owners, you&#8217;re free to deal with the professional of your choice&#8230; however, for a true &#8220;TURN-KEY&#8221; service, I&#8217;m pleased to recommend the following specialists: &nbsp; MORTGAGE BROKERS &nbsp; &nbsp; BUILDING INSPECTORS &nbsp; &nbsp; NOTARIES &nbsp; \u00a0 &nbsp; LAND SURVEYORS &nbsp; &nbsp; CERTIFIED APPRAISAL SERVICES &nbsp; &nbsp; TREE PRUNING &nbsp;\" \/>\n<meta property=\"og:url\" content=\"https:\/\/jeanavendu.com\/en\/partenaires\/\" \/>\n<meta property=\"og:site_name\" content=\"(Fran\u00e7ais) Jean Villeneuve - Courtier immobilier\" \/>\n<meta property=\"article:publisher\" content=\"https:\/\/business.facebook.com\/Jean-Villeneuve-Courtier-Immobilier-517518648422625\/\" \/>\n<meta property=\"article:modified_time\" content=\"2023-01-03T01:23:20+00:00\" \/>\n<meta property=\"og:image\" content=\"https:\/\/jeanavendu.com\/files\/2023\/01\/image_courtier_hypotecaire_modifie-300x173.png\" \/>\n<meta name=\"twitter:card\" content=\"summary_large_image\" \/>\n<meta name=\"twitter:site\" content=\"@JVilleneuveImmo\" \/>\n<meta name=\"twitter:label1\" content=\"Est. reading time\" \/>\n\t<meta name=\"twitter:data1\" content=\"4 minutes\" \/>\n<script type=\"application\/ld+json\" class=\"yoast-schema-graph\">{\"@context\":\"https:\/\/schema.org\",\"@graph\":[{\"@type\":\"WebPage\",\"@id\":\"https:\/\/jeanavendu.com\/en\/partenaires\/\",\"url\":\"https:\/\/jeanavendu.com\/en\/partenaires\/\",\"name\":\"[:fr]Partenaires[:en]Partners[:] - (Fran\u00e7ais) Jean Villeneuve - Courtier immobilier\",\"isPartOf\":{\"@id\":\"https:\/\/jeanavendu.com\/#website\"},\"primaryImageOfPage\":{\"@id\":\"https:\/\/jeanavendu.com\/en\/partenaires\/#primaryimage\"},\"image\":{\"@id\":\"https:\/\/jeanavendu.com\/en\/partenaires\/#primaryimage\"},\"thumbnailUrl\":\"https:\/\/jeanavendu.com\/files\/2023\/01\/image_courtier_hypotecaire_modifie-300x173.png\",\"datePublished\":\"2015-12-09T19:08:24+00:00\",\"dateModified\":\"2023-01-03T01:23:20+00:00\",\"breadcrumb\":{\"@id\":\"https:\/\/jeanavendu.com\/en\/partenaires\/#breadcrumb\"},\"inLanguage\":\"en-US\",\"potentialAction\":[{\"@type\":\"ReadAction\",\"target\":[\"https:\/\/jeanavendu.com\/en\/partenaires\/\"]}]},{\"@type\":\"ImageObject\",\"inLanguage\":\"en-US\",\"@id\":\"https:\/\/jeanavendu.com\/en\/partenaires\/#primaryimage\",\"url\":\"https:\/\/jeanavendu.com\/files\/2023\/01\/image_courtier_hypotecaire_modifie-300x173.png\",\"contentUrl\":\"https:\/\/jeanavendu.com\/files\/2023\/01\/image_courtier_hypotecaire_modifie-300x173.png\"},{\"@type\":\"BreadcrumbList\",\"@id\":\"https:\/\/jeanavendu.com\/en\/partenaires\/#breadcrumb\",\"itemListElement\":[{\"@type\":\"ListItem\",\"position\":1,\"name\":\"Accueil\",\"item\":\"https:\/\/jeanavendu.com\/\"},{\"@type\":\"ListItem\",\"position\":2,\"name\":\"Partners\"}]},{\"@type\":\"WebSite\",\"@id\":\"https:\/\/jeanavendu.com\/#website\",\"url\":\"https:\/\/jeanavendu.com\/\",\"name\":\"(Fran\u00e7ais) Jean Villeneuve - Courtier immobilier\",\"description\":\"(Fran\u00e7ais) Blainville, Rosem\u00e8re, Ste-Th\u00e9r\u00e8se, Lorraine\",\"potentialAction\":[{\"@type\":\"SearchAction\",\"target\":{\"@type\":\"EntryPoint\",\"urlTemplate\":\"https:\/\/jeanavendu.com\/?s={search_term_string}\"},\"query-input\":{\"@type\":\"PropertyValueSpecification\",\"valueRequired\":true,\"valueName\":\"search_term_string\"}}],\"inLanguage\":\"en-US\"}]}<\/script>\n<!-- \/ Yoast SEO plugin. -->","yoast_head_json":{"title":"Partners - (Fran\u00e7ais) Jean Villeneuve - Courtier immobilier","robots":{"index":"index","follow":"follow","max-snippet":"max-snippet:-1","max-image-preview":"max-image-preview:large","max-video-preview":"max-video-preview:-1"},"canonical":"https:\/\/jeanavendu.com\/en\/partenaires\/","og_locale":"en_US","og_type":"article","og_title":"Partners - (Fran\u00e7ais) Jean Villeneuve - Courtier immobilier","og_description":"As home owners, you&#8217;re free to deal with the professional of your choice&#8230; however, for a true &#8220;TURN-KEY&#8221; service, I&#8217;m pleased to recommend the following specialists: &nbsp; MORTGAGE BROKERS &nbsp; &nbsp; BUILDING INSPECTORS &nbsp; &nbsp; NOTARIES &nbsp; \u00a0 &nbsp; LAND SURVEYORS &nbsp; &nbsp; CERTIFIED APPRAISAL SERVICES &nbsp; &nbsp; TREE PRUNING &nbsp;","og_url":"https:\/\/jeanavendu.com\/en\/partenaires\/","og_site_name":"(Fran\u00e7ais) Jean Villeneuve - Courtier immobilier","article_publisher":"https:\/\/business.facebook.com\/Jean-Villeneuve-Courtier-Immobilier-517518648422625\/","article_modified_time":"2023-01-03T01:23:20+00:00","og_image":[{"url":"https:\/\/jeanavendu.com\/files\/2023\/01\/image_courtier_hypotecaire_modifie-300x173.png","type":"","width":"","height":""}],"twitter_card":"summary_large_image","twitter_site":"@JVilleneuveImmo","twitter_misc":{"Est. reading time":"4 minutes"},"schema":{"@context":"https:\/\/schema.org","@graph":[{"@type":"WebPage","@id":"https:\/\/jeanavendu.com\/en\/partenaires\/","url":"https:\/\/jeanavendu.com\/en\/partenaires\/","name":"[:fr]Partenaires[:en]Partners[:] - (Fran\u00e7ais) Jean Villeneuve - Courtier immobilier","isPartOf":{"@id":"https:\/\/jeanavendu.com\/#website"},"primaryImageOfPage":{"@id":"https:\/\/jeanavendu.com\/en\/partenaires\/#primaryimage"},"image":{"@id":"https:\/\/jeanavendu.com\/en\/partenaires\/#primaryimage"},"thumbnailUrl":"https:\/\/jeanavendu.com\/files\/2023\/01\/image_courtier_hypotecaire_modifie-300x173.png","datePublished":"2015-12-09T19:08:24+00:00","dateModified":"2023-01-03T01:23:20+00:00","breadcrumb":{"@id":"https:\/\/jeanavendu.com\/en\/partenaires\/#breadcrumb"},"inLanguage":"en-US","potentialAction":[{"@type":"ReadAction","target":["https:\/\/jeanavendu.com\/en\/partenaires\/"]}]},{"@type":"ImageObject","inLanguage":"en-US","@id":"https:\/\/jeanavendu.com\/en\/partenaires\/#primaryimage","url":"https:\/\/jeanavendu.com\/files\/2023\/01\/image_courtier_hypotecaire_modifie-300x173.png","contentUrl":"https:\/\/jeanavendu.com\/files\/2023\/01\/image_courtier_hypotecaire_modifie-300x173.png"},{"@type":"BreadcrumbList","@id":"https:\/\/jeanavendu.com\/en\/partenaires\/#breadcrumb","itemListElement":[{"@type":"ListItem","position":1,"name":"Accueil","item":"https:\/\/jeanavendu.com\/"},{"@type":"ListItem","position":2,"name":"Partners"}]},{"@type":"WebSite","@id":"https:\/\/jeanavendu.com\/#website","url":"https:\/\/jeanavendu.com\/","name":"(Fran\u00e7ais) Jean Villeneuve - Courtier immobilier","description":"(Fran\u00e7ais) Blainville, Rosem\u00e8re, Ste-Th\u00e9r\u00e8se, Lorraine","potentialAction":[{"@type":"SearchAction","target":{"@type":"EntryPoint","urlTemplate":"https:\/\/jeanavendu.com\/?s={search_term_string}"},"query-input":{"@type":"PropertyValueSpecification","valueRequired":true,"valueName":"search_term_string"}}],"inLanguage":"en-US"}]}},"_links":{"self":[{"href":"https:\/\/jeanavendu.com\/en\/wp-json\/wp\/v2\/pages\/449","targetHints":{"allow":["GET"]}}],"collection":[{"href":"https:\/\/jeanavendu.com\/en\/wp-json\/wp\/v2\/pages"}],"about":[{"href":"https:\/\/jeanavendu.com\/en\/wp-json\/wp\/v2\/types\/page"}],"author":[{"embeddable":true,"href":"https:\/\/jeanavendu.com\/en\/wp-json\/wp\/v2\/users\/121"}],"replies":[{"embeddable":true,"href":"https:\/\/jeanavendu.com\/en\/wp-json\/wp\/v2\/comments?post=449"}],"version-history":[{"count":2,"href":"https:\/\/jeanavendu.com\/en\/wp-json\/wp\/v2\/pages\/449\/revisions"}],"predecessor-version":[{"id":1161,"href":"https:\/\/jeanavendu.com\/en\/wp-json\/wp\/v2\/pages\/449\/revisions\/1161"}],"wp:attachment":[{"href":"https:\/\/jeanavendu.com\/en\/wp-json\/wp\/v2\/media?parent=449"}],"curies":[{"name":"wp","href":"https:\/\/api.w.org\/{rel}","templated":true}]}}