{"id":477,"date":"2016-03-13T04:18:52","date_gmt":"2016-03-13T08:18:52","guid":{"rendered":"\/?page_id=477"},"modified":"2018-12-10T12:09:53","modified_gmt":"2018-12-10T17:09:53","slug":"pourquoi-moi","status":"publish","type":"page","link":"https:\/\/jeanavendu.com\/en\/pourquoi-moi\/","title":{"rendered":"Why me?"},"content":{"rendered":"<p><div class='row '><br \/>\n<div class='span25 align-left  left text-align-left' style='color:'><br \/>\n<img loading=\"lazy\" decoding=\"async\" class=\"wp-image-483 alignleft\" style=\"text-align: justify;\" src=\"\/files\/2016\/03\/MG_3987-200x300.jpg\" alt=\" Jean Villeneuve\" width=\"217\" height=\"326\" srcset=\"https:\/\/jeanavendu.com\/files\/2016\/03\/MG_3987-200x300.jpg 200w, https:\/\/jeanavendu.com\/files\/2016\/03\/MG_3987-683x1024.jpg 683w, https:\/\/jeanavendu.com\/files\/2016\/03\/MG_3987.jpg 802w\" sizes=\"auto, (max-width: 217px) 100vw, 217px\" \/><br \/>\n<\/div><br \/>\n<div class='span75 align-left  left text-align-left' style='color:'><\/p>\n<p style=\"text-align: justify;\">Pourquoi me choisir en tant que courtier immobilier ? La question est fort simple et la r\u00e9ponse l\u2019est tout autant \u2026..Parce que je suis passionn\u00e9 par mon travail, j\u2019aime les gens et je carbure aux dossiers bien travaill\u00e9s ! Tous mes clients pourraient vous le pour confirmer. Vous voulez \u00eatre pleinement satisfaits ? Choisissez-moi !!!<\/p>\n<p style=\"text-align: justify;\">L\u2019\u00e9tape cruciale de la vente ou l\u2019achat d\u2019une propri\u00e9t\u00e9 repr\u00e9sente un moment important dans la vie des gens et il ne faut rien n\u00e9gliger pour arriver aux meilleurs r\u00e9sultats. ! Et Oui il est possible d\u2019y arriver tout en priorisant l\u2019\u00e9l\u00e9ment humain dans la relation avec nos clients\u2026..pour moi c\u2019est la base ! Je vous accompagne dans toutes les \u00e9tapes du processus de votre dossier et ce, jusqu\u2019\u00e0 la signature des diff\u00e9rents documents l\u00e9gaux chez le notaire.<\/p>\n<p>Avec une exp\u00e9rience de pr\u00e8s de 10 ans dans le courtage immobilier et fort d\u2019un pass\u00e9 professionnel qui r\u00e9unit des formations et des exp\u00e9riences de travail en droit, en administration et en marketing, je me pr\u00e9sente bien humblement comme un courtier immobilier aux multiples talents qui sait faire face \u00e0 toutes les situations et qui prend les moyens pour obtenir les meilleurs r\u00e9sultats pour chacun de mes clients.<\/p>\n<p>De plus, je suis un des tr\u00e8s rares courtiers \u00e0 offrir gratuitement les services d\u2019une sp\u00e9cialiste en home staging au d\u00e9but du processus de la mise en march\u00e9 de votre propri\u00e9t\u00e9 et ce, pour chacun de mes clients qui d\u00e9sirent vendre leur propri\u00e9t\u00e9 par mon interm\u00e9diaire. Et mon taux de r\u00e9tribution que je demande est l\u2019un des plus bas sur le march\u00e9\u2026\u2026.<\/p>\n<p>Oui vous pouvez me faire confiance dans cette belle aventure qu\u2019est la vente ou l\u2019achat de votre propri\u00e9t\u00e9 et avec moi, \u00ab Au-Del\u00e0 d\u2019une Transaction, Une Relation \u00bb ! <\/div><br \/>\n<\/div><\/p>","protected":false},"excerpt":{"rendered":"<p>Sorry, this entry is only available in Fran\u00e7ais.<\/p>\n","protected":false},"author":121,"featured_media":0,"parent":0,"menu_order":11,"comment_status":"closed","ping_status":"closed","template":"page-fullwidth.php","meta":{"_acf_changed":false,"footnotes":""},"class_list":["post-477","page","type-page","status-publish","hentry"],"acf":[],"yoast_head":"<!-- This site is optimized with the Yoast SEO plugin v26.7 - https:\/\/yoast.com\/wordpress\/plugins\/seo\/ -->\n<title>Why me? - (Fran\u00e7ais) Jean Villeneuve - Courtier immobilier<\/title>\n<meta name=\"robots\" content=\"index, follow, max-snippet:-1, max-image-preview:large, max-video-preview:-1\" \/>\n<link rel=\"canonical\" href=\"https:\/\/jeanavendu.com\/en\/pourquoi-moi\/\" \/>\n<meta property=\"og:locale\" content=\"en_US\" \/>\n<meta property=\"og:type\" content=\"article\" \/>\n<meta property=\"og:title\" content=\"Why me? - (Fran\u00e7ais) Jean Villeneuve - Courtier immobilier\" \/>\n<meta property=\"og:description\" content=\"Sorry, this entry is only available in Fran\u00e7ais.\" \/>\n<meta property=\"og:url\" content=\"https:\/\/jeanavendu.com\/en\/pourquoi-moi\/\" \/>\n<meta property=\"og:site_name\" content=\"(Fran\u00e7ais) Jean Villeneuve - Courtier immobilier\" \/>\n<meta property=\"article:publisher\" content=\"https:\/\/business.facebook.com\/Jean-Villeneuve-Courtier-Immobilier-517518648422625\/\" \/>\n<meta property=\"article:modified_time\" content=\"2018-12-10T17:09:53+00:00\" \/>\n<meta name=\"twitter:card\" content=\"summary_large_image\" \/>\n<meta name=\"twitter:site\" content=\"@JVilleneuveImmo\" \/>\n<meta name=\"twitter:label1\" content=\"Est. reading time\" \/>\n\t<meta name=\"twitter:data1\" content=\"4 minutes\" \/>\n<script type=\"application\/ld+json\" class=\"yoast-schema-graph\">{\"@context\":\"https:\/\/schema.org\",\"@graph\":[{\"@type\":\"WebPage\",\"@id\":\"https:\/\/jeanavendu.com\/en\/pourquoi-moi\/\",\"url\":\"https:\/\/jeanavendu.com\/en\/pourquoi-moi\/\",\"name\":\"[:fr]Pourquoi moi?[:en]Why me?[:] - (Fran\u00e7ais) Jean Villeneuve - Courtier immobilier\",\"isPartOf\":{\"@id\":\"https:\/\/jeanavendu.com\/#website\"},\"datePublished\":\"2016-03-13T08:18:52+00:00\",\"dateModified\":\"2018-12-10T17:09:53+00:00\",\"breadcrumb\":{\"@id\":\"https:\/\/jeanavendu.com\/en\/pourquoi-moi\/#breadcrumb\"},\"inLanguage\":\"en-US\",\"potentialAction\":[{\"@type\":\"ReadAction\",\"target\":[\"https:\/\/jeanavendu.com\/en\/pourquoi-moi\/\"]}]},{\"@type\":\"BreadcrumbList\",\"@id\":\"https:\/\/jeanavendu.com\/en\/pourquoi-moi\/#breadcrumb\",\"itemListElement\":[{\"@type\":\"ListItem\",\"position\":1,\"name\":\"Accueil\",\"item\":\"https:\/\/jeanavendu.com\/\"},{\"@type\":\"ListItem\",\"position\":2,\"name\":\"Why me?\"}]},{\"@type\":\"WebSite\",\"@id\":\"https:\/\/jeanavendu.com\/#website\",\"url\":\"https:\/\/jeanavendu.com\/\",\"name\":\"(Fran\u00e7ais) Jean Villeneuve - Courtier immobilier\",\"description\":\"(Fran\u00e7ais) Blainville, Rosem\u00e8re, Ste-Th\u00e9r\u00e8se, Lorraine\",\"potentialAction\":[{\"@type\":\"SearchAction\",\"target\":{\"@type\":\"EntryPoint\",\"urlTemplate\":\"https:\/\/jeanavendu.com\/?s={search_term_string}\"},\"query-input\":{\"@type\":\"PropertyValueSpecification\",\"valueRequired\":true,\"valueName\":\"search_term_string\"}}],\"inLanguage\":\"en-US\"}]}<\/script>\n<!-- \/ Yoast SEO plugin. -->","yoast_head_json":{"title":"Why me? - (Fran\u00e7ais) Jean Villeneuve - Courtier immobilier","robots":{"index":"index","follow":"follow","max-snippet":"max-snippet:-1","max-image-preview":"max-image-preview:large","max-video-preview":"max-video-preview:-1"},"canonical":"https:\/\/jeanavendu.com\/en\/pourquoi-moi\/","og_locale":"en_US","og_type":"article","og_title":"Why me? - (Fran\u00e7ais) Jean Villeneuve - Courtier immobilier","og_description":"Sorry, this entry is only available in Fran\u00e7ais.","og_url":"https:\/\/jeanavendu.com\/en\/pourquoi-moi\/","og_site_name":"(Fran\u00e7ais) Jean Villeneuve - Courtier immobilier","article_publisher":"https:\/\/business.facebook.com\/Jean-Villeneuve-Courtier-Immobilier-517518648422625\/","article_modified_time":"2018-12-10T17:09:53+00:00","twitter_card":"summary_large_image","twitter_site":"@JVilleneuveImmo","twitter_misc":{"Est. reading time":"4 minutes"},"schema":{"@context":"https:\/\/schema.org","@graph":[{"@type":"WebPage","@id":"https:\/\/jeanavendu.com\/en\/pourquoi-moi\/","url":"https:\/\/jeanavendu.com\/en\/pourquoi-moi\/","name":"[:fr]Pourquoi moi?[:en]Why me?[:] - (Fran\u00e7ais) Jean Villeneuve - Courtier immobilier","isPartOf":{"@id":"https:\/\/jeanavendu.com\/#website"},"datePublished":"2016-03-13T08:18:52+00:00","dateModified":"2018-12-10T17:09:53+00:00","breadcrumb":{"@id":"https:\/\/jeanavendu.com\/en\/pourquoi-moi\/#breadcrumb"},"inLanguage":"en-US","potentialAction":[{"@type":"ReadAction","target":["https:\/\/jeanavendu.com\/en\/pourquoi-moi\/"]}]},{"@type":"BreadcrumbList","@id":"https:\/\/jeanavendu.com\/en\/pourquoi-moi\/#breadcrumb","itemListElement":[{"@type":"ListItem","position":1,"name":"Accueil","item":"https:\/\/jeanavendu.com\/"},{"@type":"ListItem","position":2,"name":"Why me?"}]},{"@type":"WebSite","@id":"https:\/\/jeanavendu.com\/#website","url":"https:\/\/jeanavendu.com\/","name":"(Fran\u00e7ais) Jean Villeneuve - Courtier immobilier","description":"(Fran\u00e7ais) Blainville, Rosem\u00e8re, Ste-Th\u00e9r\u00e8se, Lorraine","potentialAction":[{"@type":"SearchAction","target":{"@type":"EntryPoint","urlTemplate":"https:\/\/jeanavendu.com\/?s={search_term_string}"},"query-input":{"@type":"PropertyValueSpecification","valueRequired":true,"valueName":"search_term_string"}}],"inLanguage":"en-US"}]}},"_links":{"self":[{"href":"https:\/\/jeanavendu.com\/en\/wp-json\/wp\/v2\/pages\/477","targetHints":{"allow":["GET"]}}],"collection":[{"href":"https:\/\/jeanavendu.com\/en\/wp-json\/wp\/v2\/pages"}],"about":[{"href":"https:\/\/jeanavendu.com\/en\/wp-json\/wp\/v2\/types\/page"}],"author":[{"embeddable":true,"href":"https:\/\/jeanavendu.com\/en\/wp-json\/wp\/v2\/users\/121"}],"replies":[{"embeddable":true,"href":"https:\/\/jeanavendu.com\/en\/wp-json\/wp\/v2\/comments?post=477"}],"version-history":[{"count":3,"href":"https:\/\/jeanavendu.com\/en\/wp-json\/wp\/v2\/pages\/477\/revisions"}],"predecessor-version":[{"id":572,"href":"https:\/\/jeanavendu.com\/en\/wp-json\/wp\/v2\/pages\/477\/revisions\/572"}],"wp:attachment":[{"href":"https:\/\/jeanavendu.com\/en\/wp-json\/wp\/v2\/media?parent=477"}],"curies":[{"name":"wp","href":"https:\/\/api.w.org\/{rel}","templated":true}]}}